{"id":7902,"date":"2023-01-25T23:08:45","date_gmt":"2023-01-25T22:08:45","guid":{"rendered":"https:\/\/www.afrobridge.de\/?page_id=7902"},"modified":"2023-01-25T23:08:45","modified_gmt":"2023-01-25T22:08:45","slug":"home","status":"publish","type":"page","link":"https:\/\/www.afrobridge.de\/en\/","title":{"rendered":"Home"},"content":{"rendered":"<section class=\"l-section wpb_row height_auto\"><div class=\"l-section-h i-cf\"><div class=\"g-cols vc_row via_grid cols_1 laptops-cols_inherit tablets-cols_inherit mobiles-cols_1 valign_top type_default stacking_default\"><div class=\"wpb_column vc_column_container\"><div class=\"vc_column-inner\">\n\t\t\t<!-- START home_de REVOLUTION SLIDER 6.5.11 --><p class=\"rs-p-wp-fix\"><\/p>\n\t\t\t<rs-module-wrap id=\"rev_slider_1_1_wrapper\" data-source=\"gallery\" style=\"visibility:hidden;background:transparent;padding:0;margin:0px auto;margin-top:0;margin-bottom:0;\">\n\t\t\t\t<rs-module id=\"rev_slider_1_1\" style=\"\" data-version=\"6.5.11\">\n\t\t\t\t\t<rs-slides>\n\t\t\t\t\t\t<rs-slide style=\"position: absolute;\" data-key=\"rs-1\" data-title=\"Intro\" data-thumb=\"\/\/static.afrobridge.de\/wp-content\/uploads\/revslider\/home_de\/123RF-Michael-JUNG.jpg\" data-anim=\"ms:1000;\" data-in=\"o:-0.5;sx:1.6;sy:1.6;e:power0.inOut;\" data-out=\"o:0;sx:0.6;sy:0.6;e:power4.inOut;\">\n\t\t\t\t\t\t\t<img loading=\"lazy\" decoding=\"async\" src=\"\/\/www.afrobridge.de\/wp-content\/plugins\/revslider\/public\/assets\/assets\/dummy.png\" title=\"123RF-Michael-JUNG.jpg\" width=\"2508\" height=\"1672\" class=\"rev-slidebg tp-rs-img rs-lazyload\" data-lazyload=\"\/\/static.afrobridge.de\/wp-content\/uploads\/revslider\/home_de\/123RF-Michael-JUNG.jpg\" data-parallax=\"10\" data-no-retina>\n<!--\n\t\t\t\t\t\t\t--><rs-layer\n\t\t\t\t\t\t\t\tid=\"slider-1-slide-1-layer-6\" \n\t\t\t\t\t\t\t\tclass=\"tp-shape tp-shapewrapper\"\n\t\t\t\t\t\t\t\tdata-type=\"shape\"\n\t\t\t\t\t\t\t\tdata-rsp_ch=\"on\"\n\t\t\t\t\t\t\t\tdata-xy=\"x:13px;y:441px;\"\n\t\t\t\t\t\t\t\tdata-text=\"fw:800;a:inherit;\"\n\t\t\t\t\t\t\t\tdata-dim=\"w:445px;h:203px;\"\n\t\t\t\t\t\t\t\tdata-frame_0=\"tp:600;\"\n\t\t\t\t\t\t\t\tdata-frame_1=\"tp:600;st:0;sp:6000;\"\n\t\t\t\t\t\t\t\tdata-frame_999=\"o:0;tp:600;st:w;\"\n\t\t\t\t\t\t\t\tstyle=\"z-index:5;background-color:rgba(255,255,255,0.80);\"\n\t\t\t\t\t\t\t> \n\t\t\t\t\t\t\t<\/rs-layer><!--\n\n\t\t\t\t\t\t\t--><rs-layer\n\t\t\t\t\t\t\t\tid=\"slider-1-slide-1-layer-7\" \n\t\t\t\t\t\t\t\tdata-type=\"text\"\n\t\t\t\t\t\t\t\tdata-color=\"rgba(179,22,22,1)\"\n\t\t\t\t\t\t\t\tdata-rsp_ch=\"on\"\n\t\t\t\t\t\t\t\tdata-xy=\"x:23px;y:478px;\"\n\t\t\t\t\t\t\t\tdata-text=\"s:60;l:78;fw:800;a:inherit;\"\n\t\t\t\t\t\t\t\tdata-frame_0=\"tp:600;\"\n\t\t\t\t\t\t\t\tdata-frame_1=\"tp:600;st:0;sp:6000;\"\n\t\t\t\t\t\t\t\tdata-frame_999=\"o:0;tp:600;st:w;\"\n\t\t\t\t\t\t\t\tstyle=\"z-index:6;font-family:'Open Sans';\"\n\t\t\t\t\t\t\t>Afrobridge \n\t\t\t\t\t\t\t<\/rs-layer><!--\n\n\t\t\t\t\t\t\t--><rs-layer\n\t\t\t\t\t\t\t\tid=\"slider-1-slide-1-layer-8\" \n\t\t\t\t\t\t\t\tdata-type=\"text\"\n\t\t\t\t\t\t\t\tdata-color=\"rgba(68,68,68,1)\"\n\t\t\t\t\t\t\t\tdata-rsp_ch=\"on\"\n\t\t\t\t\t\t\t\tdata-xy=\"x:20px;y:568px;\"\n\t\t\t\t\t\t\t\tdata-text=\"s:20;l:50;fw:600;a:inherit;\"\n\t\t\t\t\t\t\t\tdata-dim=\"w:432px;h:52px;\"\n\t\t\t\t\t\t\t\tdata-frame_0=\"tp:600;\"\n\t\t\t\t\t\t\t\tdata-frame_1=\"tp:600;st:0;sp:6000;\"\n\t\t\t\t\t\t\t\tdata-frame_999=\"o:0;tp:600;st:w;\"\n\t\t\t\t\t\t\t\tstyle=\"z-index:7;font-family:'Open Sans';\"\n\t\t\t\t\t\t\t>Deine Visumstelle f\u00fcr \nafrikanische L\u00e4nder \n\t\t\t\t\t\t\t<\/rs-layer><!--\n-->\t\t\t\t\t\t<\/rs-slide>\n\t\t\t\t\t\t<rs-slide style=\"position: absolute;\" data-key=\"rs-2\" data-title=\"Intro\" data-thumb=\"\/\/static.afrobridge.de\/wp-content\/uploads\/revslider\/home_de\/123RF-Matthias-Ziegler.jpg\" data-anim=\"ms:1000;\" data-in=\"o:-0.5;sx:1.6;sy:1.6;e:power0.inOut;\" data-out=\"o:0;sx:0.6;sy:0.6;e:power4.inOut;\">\n\t\t\t\t\t\t\t<img loading=\"lazy\" decoding=\"async\" src=\"\/\/www.afrobridge.de\/wp-content\/plugins\/revslider\/public\/assets\/assets\/dummy.png\" title=\"123RF-Matthias-Ziegler.jpg\" width=\"1683\" height=\"1115\" class=\"rev-slidebg tp-rs-img rs-lazyload\" data-lazyload=\"\/\/static.afrobridge.de\/wp-content\/uploads\/revslider\/home_de\/123RF-Matthias-Ziegler.jpg\" data-parallax=\"10\" data-no-retina>\n<!--\n\t\t\t\t\t\t\t--><rs-layer\n\t\t\t\t\t\t\t\tid=\"slider-1-slide-2-layer-6\" \n\t\t\t\t\t\t\t\tclass=\"tp-shape tp-shapewrapper\"\n\t\t\t\t\t\t\t\tdata-type=\"shape\"\n\t\t\t\t\t\t\t\tdata-rsp_ch=\"on\"\n\t\t\t\t\t\t\t\tdata-xy=\"x:13px;y:441px;\"\n\t\t\t\t\t\t\t\tdata-text=\"fw:800;a:inherit;\"\n\t\t\t\t\t\t\t\tdata-dim=\"w:445px;h:203px;\"\n\t\t\t\t\t\t\t\tdata-frame_0=\"tp:600;\"\n\t\t\t\t\t\t\t\tdata-frame_1=\"tp:600;st:0;sp:6000;\"\n\t\t\t\t\t\t\t\tdata-frame_999=\"o:0;tp:600;st:w;\"\n\t\t\t\t\t\t\t\tstyle=\"z-index:5;background-color:rgba(255,255,255,0.80);\"\n\t\t\t\t\t\t\t> \n\t\t\t\t\t\t\t<\/rs-layer><!--\n\n\t\t\t\t\t\t\t--><rs-layer\n\t\t\t\t\t\t\t\tid=\"slider-1-slide-2-layer-7\" \n\t\t\t\t\t\t\t\tdata-type=\"text\"\n\t\t\t\t\t\t\t\tdata-color=\"rgba(179,22,22,1)\"\n\t\t\t\t\t\t\t\tdata-rsp_ch=\"on\"\n\t\t\t\t\t\t\t\tdata-xy=\"x:25px;y:547px;\"\n\t\t\t\t\t\t\t\tdata-text=\"s:60;l:78;fw:800;a:inherit;\"\n\t\t\t\t\t\t\t\tdata-frame_0=\"tp:600;\"\n\t\t\t\t\t\t\t\tdata-frame_1=\"tp:600;st:0;sp:6000;\"\n\t\t\t\t\t\t\t\tdata-frame_999=\"o:0;tp:600;st:w;\"\n\t\t\t\t\t\t\t\tstyle=\"z-index:6;font-family:'Open Sans';\"\n\t\t\t\t\t\t\t>Afrobridge \n\t\t\t\t\t\t\t<\/rs-layer><!--\n\n\t\t\t\t\t\t\t--><rs-layer\n\t\t\t\t\t\t\t\tid=\"slider-1-slide-2-layer-8\" \n\t\t\t\t\t\t\t\tdata-type=\"text\"\n\t\t\t\t\t\t\t\tdata-color=\"rgba(68,68,68,1)\"\n\t\t\t\t\t\t\t\tdata-rsp_ch=\"on\"\n\t\t\t\t\t\t\t\tdata-xy=\"x:20px;y:477px;\"\n\t\t\t\t\t\t\t\tdata-text=\"s:20;l:50;fw:600;a:inherit;\"\n\t\t\t\t\t\t\t\tdata-dim=\"w:432px;h:52px;\"\n\t\t\t\t\t\t\t\tdata-frame_0=\"tp:600;\"\n\t\t\t\t\t\t\t\tdata-frame_1=\"tp:600;st:0;sp:6000;\"\n\t\t\t\t\t\t\t\tdata-frame_999=\"o:0;tp:600;st:w;\"\n\t\t\t\t\t\t\t\tstyle=\"z-index:7;font-family:'Open Sans';\"\n\t\t\t\t\t\t\t>Meine n\u00e4chste Reise nach Afrika mit \n\t\t\t\t\t\t\t<\/rs-layer><!--\n-->\t\t\t\t\t\t<\/rs-slide>\n\t\t\t\t\t\t<rs-slide style=\"position: absolute;\" data-key=\"rs-3\" data-title=\"Intro\" data-thumb=\"\/\/static.afrobridge.de\/wp-content\/uploads\/revslider\/home_de\/123RF-Dmytro-Sidelnikov.jpg\" data-anim=\"ms:1000;\" data-in=\"o:-0.5;sx:1.6;sy:1.6;e:power0.inOut;\" data-out=\"o:0;sx:0.6;sy:0.6;e:power4.inOut;\">\n\t\t\t\t\t\t\t<img loading=\"lazy\" decoding=\"async\" src=\"\/\/www.afrobridge.de\/wp-content\/plugins\/revslider\/public\/assets\/assets\/dummy.png\" title=\"123RF-Dmytro-Sidelnikov.jpg\" width=\"2507\" height=\"1673\" class=\"rev-slidebg tp-rs-img rs-lazyload\" data-lazyload=\"\/\/static.afrobridge.de\/wp-content\/uploads\/revslider\/home_de\/123RF-Dmytro-Sidelnikov.jpg\" data-parallax=\"10\" data-no-retina>\n<!--\n\t\t\t\t\t\t\t--><rs-layer\n\t\t\t\t\t\t\t\tid=\"slider-1-slide-3-layer-6\" \n\t\t\t\t\t\t\t\tclass=\"tp-shape tp-shapewrapper\"\n\t\t\t\t\t\t\t\tdata-type=\"shape\"\n\t\t\t\t\t\t\t\tdata-rsp_ch=\"on\"\n\t\t\t\t\t\t\t\tdata-xy=\"x:13px;y:441px;\"\n\t\t\t\t\t\t\t\tdata-text=\"fw:800;a:inherit;\"\n\t\t\t\t\t\t\t\tdata-dim=\"w:445px;h:203px;\"\n\t\t\t\t\t\t\t\tdata-frame_0=\"tp:600;\"\n\t\t\t\t\t\t\t\tdata-frame_1=\"tp:600;st:0;sp:6000;\"\n\t\t\t\t\t\t\t\tdata-frame_999=\"o:0;tp:600;st:w;\"\n\t\t\t\t\t\t\t\tstyle=\"z-index:5;background-color:rgba(255,255,255,0.80);\"\n\t\t\t\t\t\t\t> \n\t\t\t\t\t\t\t<\/rs-layer><!--\n\n\t\t\t\t\t\t\t--><rs-layer\n\t\t\t\t\t\t\t\tid=\"slider-1-slide-3-layer-7\" \n\t\t\t\t\t\t\t\tdata-type=\"text\"\n\t\t\t\t\t\t\t\tdata-color=\"rgba(179,22,22,1)\"\n\t\t\t\t\t\t\t\tdata-rsp_ch=\"on\"\n\t\t\t\t\t\t\t\tdata-xy=\"x:25px;y:547px;\"\n\t\t\t\t\t\t\t\tdata-text=\"s:60;l:78;fw:800;a:inherit;\"\n\t\t\t\t\t\t\t\tdata-frame_0=\"tp:600;\"\n\t\t\t\t\t\t\t\tdata-frame_1=\"tp:600;st:0;sp:6000;\"\n\t\t\t\t\t\t\t\tdata-frame_999=\"o:0;tp:600;st:w;\"\n\t\t\t\t\t\t\t\tstyle=\"z-index:6;font-family:'Open Sans';\"\n\t\t\t\t\t\t\t>Afrobridge \n\t\t\t\t\t\t\t<\/rs-layer><!--\n\n\t\t\t\t\t\t\t--><rs-layer\n\t\t\t\t\t\t\t\tid=\"slider-1-slide-3-layer-8\" \n\t\t\t\t\t\t\t\tdata-type=\"text\"\n\t\t\t\t\t\t\t\tdata-color=\"rgba(68,68,68,1)\"\n\t\t\t\t\t\t\t\tdata-rsp_ch=\"on\"\n\t\t\t\t\t\t\t\tdata-xy=\"x:20px;y:477px;\"\n\t\t\t\t\t\t\t\tdata-text=\"s:20;l:50;fw:600;a:inherit;\"\n\t\t\t\t\t\t\t\tdata-dim=\"w:432px;h:52px;\"\n\t\t\t\t\t\t\t\tdata-frame_0=\"tp:600;\"\n\t\t\t\t\t\t\t\tdata-frame_1=\"tp:600;st:0;sp:6000;\"\n\t\t\t\t\t\t\t\tdata-frame_999=\"o:0;tp:600;st:w;\"\n\t\t\t\t\t\t\t\tstyle=\"z-index:7;font-family:'Open Sans';\"\n\t\t\t\t\t\t\t>Dein Visum ist da. Danke \n\t\t\t\t\t\t\t<\/rs-layer><!--\n-->\t\t\t\t\t\t<\/rs-slide>\n\t\t\t\t\t<\/rs-slides>\n\t\t\t\t<\/rs-module>\n\t\t\t\t<script type=\"text\/javascript\">\n\t\t\t\t\tsetREVStartSize({c: 'rev_slider_1_1',rl:[1240,1024,778,480],el:[],gw:[1240],gh:[700],type:'standard',justify:'',layout:'fullwidth',mh:\"0\"});if (window.RS_MODULES!==undefined && window.RS_MODULES.modules!==undefined && window.RS_MODULES.modules[\"revslider11\"]!==undefined) {window.RS_MODULES.modules[\"revslider11\"].once = false;window.revapi1 = undefined;if (window.RS_MODULES.checkMinimal!==undefined) window.RS_MODULES.checkMinimal()}\n\t\t\t\t<\/script>\n\t\t\t<\/rs-module-wrap>\n\t\t\t<!-- END REVOLUTION SLIDER -->\n<\/div><\/div><\/div><\/div><\/section><section class=\"l-section wpb_row height_medium\"><div class=\"l-section-h i-cf\"><div class=\"g-cols vc_row via_grid cols_2-1 laptops-cols_inherit tablets-cols_inherit mobiles-cols_1 valign_top type_default stacking_default\"><div class=\"wpb_column vc_column_container\"><div class=\"vc_column-inner\"><div class=\"w-grid type_grid layout_blog_side_image no_results_hide_grid with_css_animation\" id=\"us_grid_1\" data-filterable=\"true\"><style>#us_grid_1 .w-grid-item:not(:last-child){margin-bottom:1.5rem}#us_grid_1 .g-loadmore{margin-top:1.5rem}.layout_blog_side_image .w-grid-item-h{}.layout_blog_side_image .usg_post_image_1{width:30%!important;margin-right:5%!important;margin-left:0!important}.layout_blog_side_image .usg_vwrapper_1{width:65%!important}.layout_blog_side_image .usg_post_title_1{font-size:1.4rem!important}.layout_blog_side_image .usg_hwrapper_2{color:var(--color-content-faded)!important;font-size:0.9rem!important}@media (max-width:600px){.layout_blog_side_image .usg_post_image_1{width:100%!important;margin-right:0!important;margin-left:0!important;margin-bottom:5%!important}.layout_blog_side_image .usg_vwrapper_1{width:100%!important}}<\/style><div class=\"w-grid-list\"><\/div><div class=\"w-grid-preloader\"><div class=\"g-preloader type_1\">\r\n\t<div><\/div>\r\n<\/div>\r\n<\/div>\t<div class=\"w-grid-json hidden\" onclick='return {&quot;action&quot;:&quot;us_ajax_grid&quot;,&quot;ajax_url&quot;:&quot;https:\\\/\\\/www.afrobridge.de\\\/wp-admin\\\/admin-ajax.php&quot;,&quot;infinite_scroll&quot;:0,&quot;max_num_pages&quot;:0,&quot;pagination&quot;:&quot;none&quot;,&quot;permalink_url&quot;:&quot;https:\\\/\\\/www.afrobridge.de\\\/en\\\/wp-json\\\/wp\\\/v2\\\/pages\\\/7902\\\/&quot;,&quot;template_vars&quot;:{&quot;columns&quot;:&quot;1&quot;,&quot;exclude_items&quot;:&quot;none&quot;,&quot;img_size&quot;:&quot;default&quot;,&quot;ignore_items_size&quot;:0,&quot;items_layout&quot;:&quot;blog_side_image&quot;,&quot;items_offset&quot;:&quot;1&quot;,&quot;load_animation&quot;:&quot;fade&quot;,&quot;overriding_link&quot;:&quot;none&quot;,&quot;post_id&quot;:7902,&quot;query_args&quot;:{&quot;post_type&quot;:[&quot;post&quot;],&quot;post_status&quot;:[&quot;publish&quot;,&quot;acf-disabled&quot;],&quot;posts_per_page&quot;:&quot;60&quot;},&quot;orderby_query_args&quot;:{&quot;orderby&quot;:{&quot;date&quot;:&quot;DESC&quot;}},&quot;type&quot;:&quot;grid&quot;,&quot;us_grid_ajax_index&quot;:1,&quot;us_grid_filter_params&quot;:null,&quot;us_grid_index&quot;:1,&quot;_us_grid_post_type&quot;:&quot;post&quot;,&quot;lang&quot;:&quot;en&quot;}}'><\/div>\r\n\t<\/div><div class=\"w-grid-none type_message\">No results found.<\/div><\/div><\/div><div class=\"wpb_column vc_column_container\"><div class=\"vc_column-inner\">[vc_widget_sidebar sidebar_id=&#8221;default_sidebar&#8221;]<\/div><\/div><\/div><\/div><\/section>\n","protected":false},"excerpt":{"rendered":"Afrobridge Deine Visumstelle f\u00fcr afrikanische L\u00e4nder Afrobridge Meine n\u00e4chste Reise nach Afrika mit Afrobridge Dein Visum ist da. Danke No results found.[vc_widget_sidebar sidebar_id=\"default_sidebar\"]","protected":false},"author":1,"featured_media":0,"parent":0,"menu_order":0,"comment_status":"closed","ping_status":"closed","template":"","meta":{"footnotes":""},"class_list":["post-7902","page","type-page","status-publish","hentry"],"acf":[],"_links":{"self":[{"href":"https:\/\/www.afrobridge.de\/en\/wp-json\/wp\/v2\/pages\/7902","targetHints":{"allow":["GET"]}}],"collection":[{"href":"https:\/\/www.afrobridge.de\/en\/wp-json\/wp\/v2\/pages"}],"about":[{"href":"https:\/\/www.afrobridge.de\/en\/wp-json\/wp\/v2\/types\/page"}],"author":[{"embeddable":true,"href":"https:\/\/www.afrobridge.de\/en\/wp-json\/wp\/v2\/users\/1"}],"replies":[{"embeddable":true,"href":"https:\/\/www.afrobridge.de\/en\/wp-json\/wp\/v2\/comments?post=7902"}],"version-history":[{"count":1,"href":"https:\/\/www.afrobridge.de\/en\/wp-json\/wp\/v2\/pages\/7902\/revisions"}],"predecessor-version":[{"id":7903,"href":"https:\/\/www.afrobridge.de\/en\/wp-json\/wp\/v2\/pages\/7902\/revisions\/7903"}],"wp:attachment":[{"href":"https:\/\/www.afrobridge.de\/en\/wp-json\/wp\/v2\/media?parent=7902"}],"curies":[{"name":"wp","href":"https:\/\/api.w.org\/{rel}","templated":true}]}}